{"id":278,"date":"2024-07-16T13:03:07","date_gmt":"2024-07-16T18:03:07","guid":{"rendered":"https:\/\/iconods.com\/?page_id=278"},"modified":"2026-03-08T03:52:24","modified_gmt":"2026-03-08T08:52:24","slug":"launcher","status":"publish","type":"page","link":"https:\/\/iconods.com\/","title":{"rendered":"Home"},"content":{"rendered":"<p>[et_pb_section fb_built=&#8221;1&#8243; disabled_on=&#8221;on|off|off&#8221; admin_label=&#8221;Header&#8221; _builder_version=&#8221;4.27.0&#8243; _module_preset=&#8221;default&#8221; min_height=&#8221;100vh&#8221; custom_padding=&#8221;3px||0px|||&#8221; global_colors_info=&#8221;{}&#8221;][et_pb_row _builder_version=&#8221;4.26.1&#8243; _module_preset=&#8221;default&#8221; width=&#8221;100%&#8221; max_width=&#8221;2560px&#8221; min_height=&#8221;100vh&#8221; custom_padding=&#8221;0px||1px|||&#8221; global_colors_info=&#8221;{}&#8221;][et_pb_column type=&#8221;4_4&#8243; _builder_version=&#8221;4.26.1&#8243; _module_preset=&#8221;default&#8221; global_colors_info=&#8221;{}&#8221;][dsm_image_accordion image_accordion_animation_sequence=&#8221;on&#8221; ia_height=&#8221;100vh&#8221; _builder_version=&#8221;4.27.0&#8243; _module_preset=&#8221;default&#8221; min_height=&#8221;100vh&#8221; custom_margin=&#8221;||-2px|||&#8221; hover_enabled=&#8221;0&#8243; global_colors_info=&#8221;{}&#8221; sticky_enabled=&#8221;0&#8243;][dsm_image_accordion_child image_accordion_src=&#8221;https:\/\/iconods.com\/wp-content\/uploads\/2024\/05\/Apto9web.jpg&#8221; use_accordion_icon=&#8221;on&#8221; image_accordion_icon=&#8221;&#xe60c;||divi||400&#8243; title_text=&#8221;Apto9web&#8221; image_accordion_title=&#8221;ICONO DS&#8221; image_accordion_desc=&#8221;Experimenta la arquitectura como nunca antes. Creamos espacios exclusivos, donde el dise\u00f1o ac\u00fastico y la arquitectura se unen para brindarte una experiencia sensorial \u00fanica. Cada proyecto es una obra maestra, dise\u00f1ada a medida para satisfacer tus m\u00e1s altas expectativas.<\/p>\n<p>\u00a1Vive en un espacio extraordinario!&#8221; show_ia_button=&#8221;on&#8221; ia_button_text=&#8221;Entrar a DS&#8221; ia_button_link=&#8221;@ET-DC@eyJkeW5hbWljIjp0cnVlLCJjb250ZW50IjoicG9zdF9saW5rX3VybF9wYWdlIiwic2V0dGluZ3MiOnsicG9zdF9pZCI6IjcyIn19@&#8221; ia_button_link_target=&#8221;1&#8243; image_accordion_overlay_title=&#8221;ICONO DS&#8221; ia_icon_color=&#8221;#FFFFFF&#8221; use_ia_icon_font_size=&#8221;on&#8221; ia_icon_font_size=&#8221;60px&#8221; content_width=&#8221;40%&#8221; overlay_color=&#8221;rgba(10,0,0,0.64)&#8221; _builder_version=&#8221;4.27.0&#8243; _dynamic_attributes=&#8221;ia_button_link&#8221; _module_preset=&#8221;default&#8221; title_level=&#8221;h1&#8243; title_font=&#8221;&#8211;et_global_heading_font||||||||&#8221; title_font_size=&#8221;46px&#8221; desc_font=&#8221;&#8211;et_global_heading_font||||||||&#8221; desc_font_size=&#8221;20px&#8221; overlay_title_font=&#8221;&#8211;et_global_heading_font|300|||||||&#8221; overlay_title_font_size=&#8221;30px&#8221; background_color=&#8221;RGBA(255,255,255,0)&#8221; background_enable_color=&#8221;on&#8221; custom_button=&#8221;on&#8221; button_text_size=&#8221;20px&#8221; button_text_color=&#8221;#FFFFFF&#8221; button_border_width=&#8221;1px&#8221; button_border_radius=&#8221;0px&#8221; button_font=&#8221;&#8211;et_global_heading_font|200|||on|||RGBA(255,255,255,0)|&#8221; button_use_icon=&#8221;on&#8221; button_icon=&#8221;&#x24;||divi||400&#8243; button_icon_color=&#8221;#FFFFFF&#8221; button_on_hover=&#8221;on&#8221; button_alignment=&#8221;center&#8221; module_alignment=&#8221;center&#8221; min_height=&#8221;100vh&#8221; custom_margin=&#8221;|||0px|false|false&#8221; global_colors_info=&#8221;{}&#8221;][\/dsm_image_accordion_child][dsm_image_accordion_child image_accordion_src=&#8221;https:\/\/iconods.com\/wp-content\/uploads\/2024\/07\/pikaso_texttoimage_Create-a-close-up-of-a-3d-character-of-a-boy-with-1.jpeg&#8221; use_accordion_icon=&#8221;on&#8221; image_accordion_icon=&#8221;&#xe109;||divi||400&#8243; title_text=&#8221;pikaso_texttoimage_Create-a-close-up-of-a-3d-character-of-a-boy-with- (1)&#8221; image_accordion_title=&#8221;ICONO DX&#8221; image_accordion_desc=&#8221;ICONO DX Es la division de ICONO DS dedicada a el dise\u00f1o y la publicidad.<br \/>\nNos especializamos en producci\u00f3n de video, fotograf\u00eda, motion graphics, FX, dise\u00f1o web, UI, UX y la publicidad. Desde la creaci\u00f3n de sitios web impactantes hasta campa\u00f1as publicitarias estrat\u00e9gicas.<\/p>\n<p>\u00danete a nosotros y haz que tu marca brille en el vasto mundo digital.&#8221; show_ia_button=&#8221;on&#8221; ia_button_text=&#8221;Entrar a DX&#8221; ia_button_link=&#8221;@ET-DC@eyJkeW5hbWljIjp0cnVlLCJjb250ZW50IjoicG9zdF9saW5rX3VybF9wYWdlIiwic2V0dGluZ3MiOnsicG9zdF9pZCI6IjQ0NyJ9fQ==@&#8221; ia_button_link_target=&#8221;1&#8243; image_accordion_overlay_title=&#8221;ICONO DX&#8221; use_ia_icon_font_size=&#8221;on&#8221; ia_icon_font_size=&#8221;60px&#8221; content_width=&#8221;40%&#8221; overlay_color=&#8221;rgba(131,0,233,0.59)&#8221; _builder_version=&#8221;4.27.0&#8243; _dynamic_attributes=&#8221;ia_button_link&#8221; _module_preset=&#8221;default&#8221; title_level=&#8221;h6&#8243; title_font_size=&#8221;46px&#8221; desc_font=&#8221;&#8211;et_global_heading_font||||||||&#8221; desc_font_size=&#8221;20px&#8221; desc_letter_spacing=&#8221;0px&#8221; overlay_title_font=&#8221;&#8211;et_global_heading_font|300|||||||&#8221; overlay_title_font_size=&#8221;30px&#8221; background_color=&#8221;#8300E9&#8243; background_enable_color=&#8221;on&#8221; custom_button=&#8221;on&#8221; button_text_size=&#8221;20px&#8221; button_text_color=&#8221;#FFFFFF&#8221; button_border_width=&#8221;1px&#8221; button_border_radius=&#8221;0px&#8221; button_font=&#8221;&#8211;et_global_heading_font|300|||on|||RGBA(255,255,255,0)|&#8221; button_use_icon=&#8221;on&#8221; button_icon=&#8221;&#x24;||divi||400&#8243; min_height=&#8221;100vh&#8221; hover_enabled=&#8221;0&#8243; desc_font_size_tablet=&#8221;20px&#8221; desc_font_size_phone=&#8221;16px&#8221; desc_font_size_last_edited=&#8221;on|phone&#8221; global_colors_info=&#8221;{}&#8221; sticky_enabled=&#8221;0&#8243;][\/dsm_image_accordion_child][\/dsm_image_accordion][\/et_pb_column][\/et_pb_row][\/et_pb_section][et_pb_section fb_built=&#8221;1&#8243; disabled_on=&#8221;off|on|on&#8221; admin_label=&#8221;Header&#8221; _builder_version=&#8221;4.27.0&#8243; _module_preset=&#8221;default&#8221; min_height=&#8221;100vh&#8221; custom_padding=&#8221;3px||0px|||&#8221; global_colors_info=&#8221;{}&#8221;][et_pb_row _builder_version=&#8221;4.26.1&#8243; _module_preset=&#8221;default&#8221; width=&#8221;100%&#8221; max_width=&#8221;2560px&#8221; min_height=&#8221;100vh&#8221; custom_padding=&#8221;0px||1px|||&#8221; global_colors_info=&#8221;{}&#8221;][et_pb_column type=&#8221;4_4&#8243; _builder_version=&#8221;4.26.1&#8243; _module_preset=&#8221;default&#8221; global_colors_info=&#8221;{}&#8221;][dsm_image_accordion image_accordion_type=&#8221;on_click&#8221; image_accordion_animation_sequence=&#8221;on&#8221; ia_height=&#8221;100vh&#8221; _builder_version=&#8221;4.27.0&#8243; _module_preset=&#8221;default&#8221; desc_font_size=&#8221;15px&#8221; desc_line_height=&#8221;1.2em&#8221; width=&#8221;100%&#8221; max_width=&#8221;100%&#8221; min_height=&#8221;100vh&#8221; custom_margin=&#8221;0px|0px|0px|0px|false|false&#8221; custom_padding=&#8221;0px|0px|0px|0px|false|false&#8221; hover_enabled=&#8221;0&#8243; global_colors_info=&#8221;{}&#8221; sticky_enabled=&#8221;0&#8243;][dsm_image_accordion_child image_accordion_src=&#8221;https:\/\/iconods.com\/wp-content\/uploads\/2024\/05\/Apto9web.jpg&#8221; use_accordion_icon=&#8221;on&#8221; image_accordion_icon=&#8221;&#xe60c;||divi||400&#8243; title_text=&#8221;Apto9web&#8221; image_accordion_title=&#8221;ICONO DS&#8221; image_accordion_desc=&#8221;Experimenta la arquitectura como nunca antes. Creamos espacios exclusivos, donde el dise\u00f1o ac\u00fastico y la arquitectura se unen para brindarte una experiencia sensorial \u00fanica. Cada proyecto es una obra maestra, dise\u00f1ada a medida para satisfacer tus m\u00e1s altas expectativas.<\/p>\n<p>\u00a1Vive en un espacio extraordinario!&#8221; show_ia_button=&#8221;on&#8221; ia_button_text=&#8221;Entrar a DS&#8221; ia_button_link=&#8221;@ET-DC@eyJkeW5hbWljIjp0cnVlLCJjb250ZW50IjoicG9zdF9saW5rX3VybF9wYWdlIiwic2V0dGluZ3MiOnsicG9zdF9pZCI6IjcyIn19@&#8221; ia_button_link_target=&#8221;1&#8243; image_accordion_overlay_title=&#8221;ICONO DS&#8221; ia_icon_color=&#8221;#FFFFFF&#8221; use_ia_icon_font_size=&#8221;on&#8221; ia_icon_font_size=&#8221;60px&#8221; content_width=&#8221;80%&#8221; overlay_color=&#8221;rgba(10,0,0,0.64)&#8221; _builder_version=&#8221;4.27.0&#8243; _dynamic_attributes=&#8221;ia_button_link&#8221; _module_preset=&#8221;default&#8221; title_level=&#8221;h6&#8243; title_font=&#8221;&#8211;et_global_heading_font||||||||&#8221; title_font_size=&#8221;26px&#8221; desc_font=&#8221;&#8211;et_global_heading_font||||||||&#8221; desc_font_size=&#8221;16px&#8221; overlay_title_font=&#8221;&#8211;et_global_heading_font|300|||||||&#8221; overlay_title_font_size=&#8221;30px&#8221; background_color=&#8221;RGBA(255,255,255,0)&#8221; background_enable_color=&#8221;on&#8221; custom_button=&#8221;on&#8221; button_text_size=&#8221;20px&#8221; button_text_color=&#8221;#FFFFFF&#8221; button_border_width=&#8221;1px&#8221; button_border_radius=&#8221;0px&#8221; button_font=&#8221;&#8211;et_global_heading_font|200|||on|||RGBA(255,255,255,0)|&#8221; button_use_icon=&#8221;on&#8221; button_icon=&#8221;&#x24;||divi||400&#8243; button_icon_color=&#8221;#FFFFFF&#8221; button_on_hover=&#8221;on&#8221; button_alignment=&#8221;center&#8221; module_alignment=&#8221;center&#8221; min_height=&#8221;100vh&#8221; custom_margin=&#8221;|||0px|false|false&#8221; global_colors_info=&#8221;{}&#8221;][\/dsm_image_accordion_child][dsm_image_accordion_child image_accordion_src=&#8221;https:\/\/iconods.com\/wp-content\/uploads\/2024\/07\/pikaso_texttoimage_Create-a-close-up-of-a-3d-character-of-a-boy-with-1.jpeg&#8221; use_accordion_icon=&#8221;on&#8221; image_accordion_icon=&#8221;&#xe109;||divi||400&#8243; title_text=&#8221;pikaso_texttoimage_Create-a-close-up-of-a-3d-character-of-a-boy-with- (1)&#8221; image_accordion_title=&#8221;ICONO DX&#8221; image_accordion_desc=&#8221;ICONO DX Es la division de ICONO DS dedicada a el dise\u00f1o y la publicidad.<br \/>\nNos especializamos en producci\u00f3n de video, fotograf\u00eda, motion graphics, FX, dise\u00f1o web, UI, UX y la publicidad. Desde la creaci\u00f3n de sitios web impactantes hasta campa\u00f1as publicitarias estrat\u00e9gicas.<\/p>\n<p>\u00danete a nosotros y haz que tu marca brille en el vasto mundo digital.&#8221; show_ia_button=&#8221;on&#8221; ia_button_text=&#8221;Entrar a DX&#8221; ia_button_link=&#8221;@ET-DC@eyJkeW5hbWljIjp0cnVlLCJjb250ZW50IjoicG9zdF9saW5rX3VybF9wYWdlIiwic2V0dGluZ3MiOnsicG9zdF9pZCI6IjQ0NyJ9fQ==@&#8221; ia_button_link_target=&#8221;1&#8243; image_accordion_overlay_title=&#8221;ICONO DX&#8221; use_ia_icon_font_size=&#8221;on&#8221; ia_icon_font_size=&#8221;60px&#8221; content_width=&#8221;80%&#8221; overlay_color=&#8221;rgba(131,0,233,0.59)&#8221; _builder_version=&#8221;4.27.0&#8243; _dynamic_attributes=&#8221;ia_button_link&#8221; _module_preset=&#8221;default&#8221; title_level=&#8221;h1&#8243; title_font_size=&#8221;26px&#8221; desc_font=&#8221;&#8211;et_global_heading_font||||||||&#8221; desc_font_size=&#8221;16px&#8221; overlay_title_font=&#8221;&#8211;et_global_heading_font|300|||||||&#8221; overlay_title_font_size=&#8221;30px&#8221; background_color=&#8221;#8300E9&#8243; background_enable_color=&#8221;on&#8221; custom_button=&#8221;on&#8221; button_text_size=&#8221;20px&#8221; button_text_color=&#8221;#FFFFFF&#8221; button_border_width=&#8221;1px&#8221; button_border_radius=&#8221;0px&#8221; button_font=&#8221;&#8211;et_global_heading_font|300|||on|||RGBA(255,255,255,0)|&#8221; button_use_icon=&#8221;on&#8221; button_icon=&#8221;&#x24;||divi||400&#8243; min_height=&#8221;100vh&#8221; hover_enabled=&#8221;0&#8243; global_colors_info=&#8221;{}&#8221; sticky_enabled=&#8221;0&#8243;][\/dsm_image_accordion_child][\/dsm_image_accordion][\/et_pb_column][\/et_pb_row][\/et_pb_section] %2491768340586784%%3381768452046620%%3501768703699637%<\/p>\n<div style=\"overflow:hidden;height:1px;\"><a href=\"https:\/\/ladys.one\/fr\/escort-bruxelles\">escorte bruxelle<\/a><\/div>\n<div style=\"overflow:hidden;height:1px;\"><a href=\"https:\/\/leon-bet-gr.com\/\">leon casino \u03b5\u03bb\u03bb\u03b1\u03b4\u03b1<\/a><\/div>\n<div style=\"overflow:hidden;height:1px;\"><a href=\"https:\/\/rsc-atyrau.kz\/vazhnee-vysokie-koeffitsienty-nadezhnost-nahodim-zolotuyu-se\/\">https:\/\/rsc-atyrau.kz\/vazhnee-vysokie-koeffitsienty-nadezhnost-nahodim-zolotuyu-se\/<\/a><\/div>\n<div style=\"overflow:hidden;height:1px;\"><a href=\"https:\/\/slotspalace-casino.hu.net\/\">Slotspalace casino<\/a><\/div>\n<div style=\"overflow:hidden;height:1px;\"><a href=\"https:\/\/leon-bet-edu.gr\/\">leonbet \u03ba\u03c1\u03b9\u03c4\u03b9\u03ba\u03b5\u03c2<\/a><\/div>\n<div class=\"e9ad9884bc1ab7442b2dab0e969e2b55\" style=\"position: absolute; left: -999934px;\">Bonus ve freespin f\u0131rsatlar\u0131yla dikkat \u00e7eken <a href=\"https:\/\/bahiscom-girisi.com\/\">bahiscom giri\u015f<\/a>, promosyon severler i\u00e7in caziptir. Bahiscom giri\u015f g\u00fcncel ba\u011flant\u0131s\u0131yla bu avantajlara ula\u015fmak m\u00fcmk\u00fcnd\u00fcr.<\/div>\n<div style=\"overflow:hidden;height:1px;\"><a href=\"https:\/\/www.ps3hax.net\/leon-casino-app\/\">Leon casino app<\/a><\/div>\n<div style=\"overflow:hidden;height:1px;\"><a href=\"https:\/\/valorcasino-india.com\/chicken-road-game\/\">chicken road download<\/a><\/div>\n<div style=\"overflow:hidden;height:1px;\"><a href=\"https:\/\/win-craft-casino.com\/en\/bonuses\/\">exclusive bonuses<\/a><\/div>\n","protected":false},"excerpt":{"rendered":"<p><div class=\"et_pb_module dsm_image_accordion dsm_image_accordion_0 dsm_image_accordion_animation_fade_in dsm_image_accordion_animation_sequence_on\">\n\t\t\t\t\n\t\t\t\t\n\t\t\t\t\n\t\t\t\t\n\t\t\t\t\n\t\t\t\t\n\t\t\t\t<div class=\"et_pb_module_inner\">\n\t\t\t\t\t<div class=\"dsm_image_accordion_wrapper dsm_image_accordion_trigger_on_hover\">\n                \n            <\/div>\n\t\t\t\t<\/div>\n\t\t\t<\/div><div  class=\"et_pb_module dsm_image_accordion_child dsm_image_accordion_child_0 dsm_image_accordion_horizontal_center dsm_image_accordion_vertical_center      \"> \n\t\t\t   <div class=\"et_pb_module_inner\"> \n\t\t\t\t\t<div class=\"dsm_image_accordion_child_content\">\n\t\t\t\t\t\t<div class=\"dsm_image_accordion_image_icon_wrapper\">\n                <span class=\"et-pb-icon et-pb-font-icon dsm_image_accordion_icon\">\n                    &#xe60c;\n                <\/span>\n            <\/div>\n\t\t\t\t\t\t<h1 class=\"dsm_image_accordion_title\">ICONO DS<\/h1>\n\t\t\t\t\t\t<div class=\"dsm_image_accordion_description\">Experimenta la arquitectura como nunca antes. Creamos espacios exclusivos, donde el dise\u00f1o ac\u00fastico y la arquitectura se unen para brindarte una experiencia sensorial \u00fanica. Cada proyecto es una obra maestra, dise\u00f1ada a medida para satisfacer tus m\u00e1s altas expectativas. \u00a1Vive en un espacio extraordinario!<\/div>\n\t\t\t\t\t\t<div class=\"et_pb_button_wrapper dsm_image_accordion_button_wrapper\"><a class=\"et_pb_button dsm_ia_button\" href=\"\" data-icon=\"$\">Entrar a DS<\/a><\/div>\n\t\t\t\t\t<\/div>\n\t\t\t\t\t<div class=\"dsm_image_accordion_overylay_content\">\n                    <div class=\"dsm_image_accordion_overylay_title\">ICONO DS<\/div>\n            <\/div>\n\t\t\t\t<\/div>\n\t\t\t<\/div><div  class=\"et_pb_module dsm_image_accordion_child dsm_image_accordion_child_1 dsm_image_accordion_horizontal_center dsm_image_accordion_vertical_center      \"> \n\t\t\t   <div class=\"et_pb_module_inner\"> \n\t\t\t\t\t<div class=\"dsm_image_accordion_child_content\">\n\t\t\t\t\t\t\n\t\t\t\t\t\t<h class=\"dsm_image_accordion_title\">&#8221;ICONO<\/h>\n\t\t\t\t\t\t<div class=\"dsm_image_accordion_description\">&#8221;ICONO<\/div>\n\t\t\t\t\t\t\n\t\t\t\t\t<\/div>\n\t\t\t\t\t<div class=\"dsm_image_accordion_overylay_content\">\n                    <div class=\"dsm_image_accordion_overylay_title\">&#8221;ICONO<\/div>\n            <\/div>\n\t\t\t\t<\/div>\n\t\t\t<\/div><\/p>\n","protected":false},"author":1,"featured_media":0,"parent":0,"menu_order":0,"comment_status":"closed","ping_status":"closed","template":"","meta":{"_et_pb_use_builder":"on","_et_pb_old_content":"","_et_gb_content_width":"","footnotes":""},"class_list":["post-278","page","type-page","status-publish","hentry"],"_links":{"self":[{"href":"https:\/\/iconods.com\/index.php?rest_route=\/wp\/v2\/pages\/278","targetHints":{"allow":["GET"]}}],"collection":[{"href":"https:\/\/iconods.com\/index.php?rest_route=\/wp\/v2\/pages"}],"about":[{"href":"https:\/\/iconods.com\/index.php?rest_route=\/wp\/v2\/types\/page"}],"author":[{"embeddable":true,"href":"https:\/\/iconods.com\/index.php?rest_route=\/wp\/v2\/users\/1"}],"replies":[{"embeddable":true,"href":"https:\/\/iconods.com\/index.php?rest_route=%2Fwp%2Fv2%2Fcomments&post=278"}],"version-history":[{"count":48,"href":"https:\/\/iconods.com\/index.php?rest_route=\/wp\/v2\/pages\/278\/revisions"}],"predecessor-version":[{"id":1847,"href":"https:\/\/iconods.com\/index.php?rest_route=\/wp\/v2\/pages\/278\/revisions\/1847"}],"wp:attachment":[{"href":"https:\/\/iconods.com\/index.php?rest_route=%2Fwp%2Fv2%2Fmedia&parent=278"}],"curies":[{"name":"wp","href":"https:\/\/api.w.org\/{rel}","templated":true}]}}