{"id":72,"date":"2024-05-02T12:10:19","date_gmt":"2024-05-02T17:10:19","guid":{"rendered":"https:\/\/iconods.com\/?page_id=72"},"modified":"2024-09-12T15:14:45","modified_gmt":"2024-09-12T20:14:45","slug":"home","status":"publish","type":"page","link":"https:\/\/iconods.com\/?page_id=72","title":{"rendered":"ICONO DS"},"content":{"rendered":"<p>[et_pb_section fb_built=&#8221;1&#8243; _builder_version=&#8221;4.25.1&#8243; _module_preset=&#8221;default&#8221; custom_padding=&#8221;3px||0px|||&#8221; global_colors_info=&#8221;{}&#8221;][et_pb_row _builder_version=&#8221;4.27.0&#8243; _module_preset=&#8221;default&#8221; background_color=&#8221;RGBA(255,255,255,0)&#8221; width=&#8221;100%&#8221; max_width=&#8221;100%&#8221; custom_padding=&#8221;1px||3px|||&#8221; global_colors_info=&#8221;{}&#8221;][et_pb_column type=&#8221;4_4&#8243; _builder_version=&#8221;4.25.1&#8243; _module_preset=&#8221;default&#8221; global_colors_info=&#8221;{}&#8221;][et_pb_slider use_bg_overlay=&#8221;off&#8221; _builder_version=&#8221;4.25.1&#8243; _module_preset=&#8221;default&#8221; header_text_align=&#8221;center&#8221; header_text_color=&#8221;#000000&#8243; background_color=&#8221;RGBA(255,255,255,0)&#8221; text_orientation=&#8221;right&#8221; width=&#8221;100%&#8221; custom_padding=&#8221;||||false|false&#8221; auto=&#8221;on&#8221; box_shadow_style=&#8221;preset3&#8243; global_colors_info=&#8221;{}&#8221;][et_pb_slide heading=&#8221;Dise\u00f1o de espacios \u00fanicos, personalizados, acogedores, que cuentan historias.&#8221; use_bg_overlay=&#8221;off&#8221; use_text_overlay=&#8221;on&#8221; text_overlay_color=&#8221;rgba(224,153,0,0.55)&#8221; _builder_version=&#8221;4.25.1&#8243; _module_preset=&#8221;default&#8221; header_text_align=&#8221;left&#8221; header_text_color=&#8221;#FFFFFF&#8221; background_color=&#8221;RGBA(255,255,255,0)&#8221; background_enable_color=&#8221;on&#8221; background_image=&#8221;https:\/\/iconods.com\/wp-content\/uploads\/2024\/05\/Apto1web.jpg&#8221; background_enable_image=&#8221;on&#8221; global_colors_info=&#8221;{}&#8221; sticky_transition=&#8221;on&#8221;][\/et_pb_slide][et_pb_slide heading=&#8221;De la idea a la aplicaci\u00f3n&#8221; use_bg_overlay=&#8221;off&#8221; use_text_overlay=&#8221;on&#8221; text_overlay_color=&#8221;rgba(12,113,195,0.36)&#8221; _builder_version=&#8221;4.25.1&#8243; _module_preset=&#8221;default&#8221; header_text_color=&#8221;#FFFFFF&#8221; background_image=&#8221;https:\/\/iconods.com\/wp-content\/uploads\/2024\/05\/lae2.jpg&#8221; background_enable_image=&#8221;on&#8221; global_colors_info=&#8221;{}&#8221; sticky_transition=&#8221;on&#8221;][\/et_pb_slide][et_pb_slide heading=&#8221;Soporte tecnol\u00f3gico en ac\u00fastica&#8221; use_text_overlay=&#8221;on&#8221; text_overlay_color=&#8221;rgba(12,113,195,0.29)&#8221; _builder_version=&#8221;4.25.1&#8243; _module_preset=&#8221;default&#8221; header_text_color=&#8221;#FFFFFF&#8221; background_image=&#8221;https:\/\/iconods.com\/wp-content\/uploads\/2024\/05\/Emisora1.jpg&#8221; background_enable_image=&#8221;on&#8221; global_colors_info=&#8221;{}&#8221; sticky_transition=&#8221;on&#8221;][\/et_pb_slide][et_pb_slide heading=&#8221;Ambientes acogedores&#8221; use_text_overlay=&#8221;on&#8221; text_overlay_color=&#8221;rgba(255,255,255,0.62)&#8221; _builder_version=&#8221;4.25.1&#8243; _module_preset=&#8221;default&#8221; background_color=&#8221;RGBA(255,255,255,0)&#8221; background_enable_color=&#8221;on&#8221; background_image=&#8221;https:\/\/iconods.com\/wp-content\/uploads\/2024\/05\/Tostao3.jpg&#8221; background_enable_image=&#8221;on&#8221; global_colors_info=&#8221;{}&#8221; sticky_transition=&#8221;on&#8221;][\/et_pb_slide][\/et_pb_slider][\/et_pb_column][\/et_pb_row][\/et_pb_section][et_pb_section fb_built=&#8221;1&#8243; admin_label=&#8221;Banner&#8221; _builder_version=&#8221;4.18.0&#8243; _module_preset=&#8221;default&#8221; custom_padding=&#8221;0px||0px|||&#8221; global_colors_info=&#8221;{}&#8221;][et_pb_row column_structure=&#8221;1_5,1_5,3_5&#8243; _builder_version=&#8221;4.25.1&#8243; _module_preset=&#8221;default&#8221; background_enable_color=&#8221;off&#8221; width=&#8221;auto&#8221; max_width=&#8221;none&#8221; module_alignment=&#8221;center&#8221; custom_margin=&#8221;0px||||false|false&#8221; custom_padding=&#8221;1px||0px|||&#8221; global_colors_info=&#8221;{}&#8221;][et_pb_column type=&#8221;1_5&#8243; _builder_version=&#8221;4.25.1&#8243; _module_preset=&#8221;default&#8221; background_enable_image=&#8221;off&#8221; global_colors_info=&#8221;{}&#8221;][et_pb_divider show_divider=&#8221;off&#8221; _builder_version=&#8221;4.27.0&#8243; _module_preset=&#8221;default&#8221; background_image=&#8221;https:\/\/iconods.com\/wp-content\/uploads\/2024\/05\/DelizWeb-scaled.jpg&#8221; height=&#8221;50vh&#8221; custom_margin=&#8221;1px|0px|2px|||&#8221; custom_padding=&#8221;|0px|203px|||&#8221; scroll_blur_enable=&#8221;on&#8221; global_colors_info=&#8221;{}&#8221;][\/et_pb_divider][\/et_pb_column][et_pb_column type=&#8221;1_5&#8243; _builder_version=&#8221;4.17.6&#8243; _module_preset=&#8221;default&#8221; z_index=&#8221;10&#8243; custom_padding_tablet=&#8221;5%|10%|5%|10%|true|true&#8221; custom_padding_phone=&#8221;5%|10%|5%|10%|true|true&#8221; custom_padding_last_edited=&#8221;on|phone&#8221; global_colors_info=&#8221;{}&#8221;][et_pb_image src=&#8221;https:\/\/iconods.com\/wp-content\/uploads\/2024\/05\/LogoDSWeb.png&#8221; title_text=&#8221;LogoDSWeb&#8221; _builder_version=&#8221;4.25.0&#8243; _module_preset=&#8221;default&#8221; custom_margin=&#8221;||27px|||&#8221; custom_padding=&#8221;23px|||||&#8221; global_colors_info=&#8221;{}&#8221;][\/et_pb_image][et_pb_text _builder_version=&#8221;4.27.0&#8243; _module_preset=&#8221;default&#8221; custom_margin=&#8221;||43px|||&#8221; hover_enabled=&#8221;0&#8243; global_colors_info=&#8221;{}&#8221; sticky_enabled=&#8221;0&#8243;]<\/p>\n<p><span data-metadata=\"&lt;!--(figmeta)eyJmaWxlS2V5IjoicHNOcTNyZ2NWOGVGbHlhcUVyZ3l3NSIsInBhc3RlSUQiOjU4Mjk2MzI5OCwiZGF0YVR5cGUiOiJzY2VuZSJ9Cg==(\/figmeta)--&gt;\"><\/span><span>Bienvenido a <strong>ICONO DS<\/strong>, donde el dise\u00f1o y la arquitectura se unen para crear espacios extraordinarios. Con una trayectoria de excelencia y creatividad, en <strong>ICONO DS<\/strong> nos dedicamos a transformar ideas en realidades arquitect\u00f3nicas impresionantes. Desde proyectos residenciales hasta comerciales, nuestro equipo de expertos en dise\u00f1o y arquitectura trabaja incansablemente para dar vida a cada detalle, combinando funcionalidad, est\u00e9tica y sostenibilidad. \u00danete a nosotros en el viaje de crear espacios que inspiran y enriquecen la vida<\/span><\/p>\n<p>[\/et_pb_text][et_pb_button button_text=&#8221;Nuestro Trabajo&#8221; button_alignment=&#8221;left&#8221; _builder_version=&#8221;4.25.0&#8243; _module_preset=&#8221;default&#8221; custom_button=&#8221;on&#8221; button_border_radius=&#8221;0px&#8221; global_colors_info=&#8221;{}&#8221;][\/et_pb_button][\/et_pb_column][et_pb_column type=&#8221;3_5&#8243; _builder_version=&#8221;4.17.6&#8243; _module_preset=&#8221;default&#8221; background_color=&#8221;gcid-e1bf1dd7-b74a-4938-a7b7-93ce77f0810f&#8221; global_colors_info=&#8221;{%22gcid-e1bf1dd7-b74a-4938-a7b7-93ce77f0810f%22:%91%22background_color%22%93}&#8221;][et_pb_divider show_divider=&#8221;off&#8221; _builder_version=&#8221;4.27.0&#8243; _module_preset=&#8221;default&#8221; background_image=&#8221;https:\/\/iconods.com\/wp-content\/uploads\/2024\/05\/lae5.jpg&#8221; height=&#8221;50vh&#8221; custom_margin=&#8221;1px|0px|2px|||&#8221; custom_padding=&#8221;|0px|203px|||&#8221; scroll_blur_enable=&#8221;on&#8221; global_colors_info=&#8221;{}&#8221;][\/et_pb_divider][\/et_pb_column][\/et_pb_row][\/et_pb_section][et_pb_section fb_built=&#8221;1&#8243; admin_label=&#8221;About Us&#8221; _builder_version=&#8221;4.25.0&#8243; _module_preset=&#8221;default&#8221; background_color=&#8221;#f4f4f4&#8243; min_height=&#8221;465.1px&#8221; custom_margin=&#8221;-4px||-4px|||&#8221; custom_padding=&#8221;60px||0px|||&#8221; global_colors_info=&#8221;{}&#8221;][et_pb_row column_structure=&#8221;1_3,1_3,1_3&#8243; _builder_version=&#8221;4.25.0&#8243; _module_preset=&#8221;default&#8221; background_color=&#8221;RGBA(255,255,255,0)&#8221; global_colors_info=&#8221;{}&#8221;][et_pb_column type=&#8221;1_3&#8243; _builder_version=&#8221;4.25.0&#8243; _module_preset=&#8221;default&#8221; global_colors_info=&#8221;{}&#8221;][et_pb_image src=&#8221;https:\/\/iconods.com\/wp-content\/uploads\/2024\/05\/icono03.png&#8221; title_text=&#8221;icono03&#8243; _builder_version=&#8221;4.25.0&#8243; _module_preset=&#8221;default&#8221; background_color=&#8221;RGBA(255,255,255,0)&#8221; custom_margin=&#8221;||30px|||&#8221; global_colors_info=&#8221;{}&#8221;][\/et_pb_image][et_pb_text _builder_version=&#8221;4.25.0&#8243; _module_preset=&#8221;default&#8221; text_font=&#8221;&#8211;et_global_body_font||||||||&#8221; text_font_size=&#8221;18px&#8221; custom_margin=&#8221;||30px|||&#8221; global_colors_info=&#8221;{}&#8221;]<\/p>\n<p><strong>Nosotros<\/strong><\/p>\n<p>[\/et_pb_text][et_pb_text _builder_version=&#8221;4.27.0&#8243; _module_preset=&#8221;default&#8221; custom_padding=&#8221;||0px|||&#8221; global_colors_info=&#8221;{}&#8221;]<\/p>\n<p><span>Somos una empresa vanguardista, entendemos e interpretamos necesidades y la forma como quieren vivir o manejar sus espacios nuestros diferentes clientes: hogares, empresas e instituciones.<\/span><\/p>\n<p>[\/et_pb_text][\/et_pb_column][et_pb_column type=&#8221;1_3&#8243; _builder_version=&#8221;4.25.0&#8243; _module_preset=&#8221;default&#8221; global_colors_info=&#8221;{}&#8221;][et_pb_image src=&#8221;https:\/\/iconods.com\/wp-content\/uploads\/2024\/05\/icono02.png&#8221; title_text=&#8221;icono02&#8243; _builder_version=&#8221;4.25.0&#8243; _module_preset=&#8221;default&#8221; custom_margin=&#8221;||30px|||&#8221; global_colors_info=&#8221;{}&#8221;][\/et_pb_image][et_pb_text _builder_version=&#8221;4.25.0&#8243; _module_preset=&#8221;default&#8221; text_font=&#8221;&#8211;et_global_body_font||||||||&#8221; text_font_size=&#8221;18px&#8221; custom_margin=&#8221;||27px|||&#8221; global_colors_info=&#8221;{}&#8221;]<\/p>\n<p><strong>Qu\u00e9 Hacemos<\/strong><\/p>\n<p>[\/et_pb_text][et_pb_text _builder_version=&#8221;4.27.0&#8243; _module_preset=&#8221;default&#8221; hover_enabled=&#8221;0&#8243; global_colors_info=&#8221;{}&#8221; sticky_enabled=&#8221;0&#8243;]<\/p>\n<p><span>Dise\u00f1o, remodelaci\u00f3n<\/span><span class=\"Apple-converted-space\">\u00a0<span>\u00a0<\/span><\/span><span>y ejecuci\u00f3n de proyectos incluyendo obra civil, carpinter\u00eda, construcci\u00f3n liviana, plomer\u00eda, pintura, electricidad, ventaner\u00eda, enchapes, acabados, cubiertas, voz y datos e implementaciones comerciales.<\/span><\/p>\n<p>[\/et_pb_text][\/et_pb_column][et_pb_column type=&#8221;1_3&#8243; _builder_version=&#8221;4.25.0&#8243; _module_preset=&#8221;default&#8221; global_colors_info=&#8221;{}&#8221;][et_pb_image src=&#8221;https:\/\/iconods.com\/wp-content\/uploads\/2024\/05\/icono01.png&#8221; title_text=&#8221;icono01&#8243; _builder_version=&#8221;4.25.0&#8243; _module_preset=&#8221;default&#8221; custom_margin=&#8221;||30px|||&#8221; global_colors_info=&#8221;{}&#8221;][\/et_pb_image][et_pb_text _builder_version=&#8221;4.25.0&#8243; _module_preset=&#8221;default&#8221; text_font=&#8221;&#8211;et_global_body_font||||||||&#8221; text_font_size=&#8221;18px&#8221; custom_margin=&#8221;||29px|||&#8221; global_colors_info=&#8221;{}&#8221;]<\/p>\n<p><strong>C\u00f3mo Trabajamos<\/strong><\/p>\n<p>[\/et_pb_text][et_pb_text _builder_version=&#8221;4.25.0&#8243; _module_preset=&#8221;default&#8221; global_colors_info=&#8221;{}&#8221;]<\/p>\n<p><span>Nos contactamos, acordamos una cita, visitamos el sitio, pasamos una propuesta de dise\u00f1o y presupuesto, despu\u00e9s de aprobaci\u00f3n del proyecto por parte del cliente, ejecutamos la obra en el tiempo y el presupuesto acordado.<\/span><\/p>\n<p>[\/et_pb_text][\/et_pb_column][\/et_pb_row][\/et_pb_section][et_pb_section fb_built=&#8221;1&#8243; admin_label=&#8221;Gallery&#8221; _builder_version=&#8221;4.27.0&#8243; _module_preset=&#8221;default&#8221; custom_padding=&#8221;3px||2px||false|false&#8221; global_colors_info=&#8221;{}&#8221;][et_pb_row use_custom_gutter=&#8221;on&#8221; gutter_width=&#8221;1&#8243; _builder_version=&#8221;4.27.0&#8243; _module_preset=&#8221;default&#8221; background_color=&#8221;RGBA(255,255,255,0)&#8221; width=&#8221;100%&#8221; max_width=&#8221;100%&#8221; custom_margin=&#8221;-4px||||false|false&#8221; custom_padding=&#8221;2px||1px||false|false&#8221; global_colors_info=&#8221;{}&#8221;][et_pb_column type=&#8221;4_4&#8243; _builder_version=&#8221;4.25.0&#8243; _module_preset=&#8221;default&#8221; global_colors_info=&#8221;{}&#8221;][et_pb_gallery gallery_ids=&#8221;248,235,163,81,85,84,152,276,275,274,273,270,269,268,267,261,259,258,236&#8243; gallery_orderby=&#8221;rand&#8221; posts_number=&#8221;16&#8243; show_title_and_caption=&#8221;off&#8221; show_pagination=&#8221;off&#8221; _builder_version=&#8221;4.27.0&#8243; _module_preset=&#8221;default&#8221; background_color=&#8221;RGBA(255,255,255,0)&#8221; hover_enabled=&#8221;0&#8243; global_colors_info=&#8221;{}&#8221; sticky_enabled=&#8221;0&#8243;][\/et_pb_gallery][\/et_pb_column][\/et_pb_row][\/et_pb_section][et_pb_section fb_built=&#8221;1&#8243; admin_label=&#8221;Clients&#8221; _builder_version=&#8221;4.25.0&#8243; _module_preset=&#8221;default&#8221; custom_padding=&#8221;40px||0px|||&#8221; global_colors_info=&#8221;{}&#8221;][et_pb_row _builder_version=&#8221;4.27.0&#8243; _module_preset=&#8221;default&#8221; background_color=&#8221;RGBA(255,255,255,0)&#8221; width=&#8221;90%&#8221; max_width=&#8221;100%&#8221; global_colors_info=&#8221;{}&#8221;][et_pb_column type=&#8221;4_4&#8243; _builder_version=&#8221;4.25.0&#8243; _module_preset=&#8221;default&#8221; background_color=&#8221;RGBA(255,255,255,0)&#8221; global_colors_info=&#8221;{}&#8221;][et_pb_text _builder_version=&#8221;4.25.1&#8243; _module_preset=&#8221;default&#8221; text_font=&#8221;&#8211;et_global_body_font||||||||&#8221; header_font=&#8221;&#8211;et_global_body_font||||||||&#8221; global_colors_info=&#8221;{}&#8221;]<\/p>\n<h2>Proyectos<\/h2>\n<p>[\/et_pb_text][et_pb_filterable_portfolio fullwidth=&#8221;off&#8221; include_categories=&#8221;3,6,4,8,7,5&#8243; _builder_version=&#8221;4.27.0&#8243; _module_preset=&#8221;default&#8221; custom_margin=&#8221;-38px||||false|false&#8221; custom_padding=&#8221;||||false|false&#8221; global_colors_info=&#8221;{}&#8221;][\/et_pb_filterable_portfolio][et_pb_text _builder_version=&#8221;4.25.0&#8243; _module_preset=&#8221;default&#8221; text_font=&#8221;&#8211;et_global_body_font||||||||&#8221; header_font=&#8221;&#8211;et_global_body_font||||||||&#8221; global_colors_info=&#8221;{}&#8221;]<\/p>\n<h2>Nuestros Clientes<\/h2>\n<p>[\/et_pb_text][\/et_pb_column][\/et_pb_row][et_pb_row _builder_version=&#8221;4.27.0&#8243; _module_preset=&#8221;default&#8221; background_color=&#8221;RGBA(255,255,255,0)&#8221; width=&#8221;100%&#8221; max_width=&#8221;100%&#8221; global_colors_info=&#8221;{}&#8221;][et_pb_column type=&#8221;4_4&#8243; _builder_version=&#8221;4.25.0&#8243; _module_preset=&#8221;default&#8221; background_color=&#8221;RGBA(255,255,255,0)&#8221; global_colors_info=&#8221;{}&#8221;][et_pb_gallery gallery_ids=&#8221;184,185,186,187,188,189,190,191,192,193,194,195,196,197,198,199,200,201,202,203,204,205,206&#8243; gallery_orderby=&#8221;rand&#8221; posts_number=&#8221;8&#8243; orientation=&#8221;portrait&#8221; show_title_and_caption=&#8221;off&#8221; _builder_version=&#8221;4.27.0&#8243; _module_preset=&#8221;default&#8221; background_color=&#8221;RGBA(255,255,255,0)&#8221; width=&#8221;50%&#8221; module_alignment=&#8221;center&#8221; hover_enabled=&#8221;0&#8243; global_colors_info=&#8221;{}&#8221; sticky_enabled=&#8221;0&#8243;][\/et_pb_gallery][\/et_pb_column][\/et_pb_row][\/et_pb_section]<\/p>\n","protected":false},"excerpt":{"rendered":"<p>Bienvenido a ICONO DS, donde el dise\u00f1o y la arquitectura se unen para crear espacios extraordinarios. Con una trayectoria de excelencia y creatividad, en ICONO DS nos dedicamos a transformar ideas en realidades arquitect\u00f3nicas impresionantes. Desde proyectos residenciales hasta comerciales, nuestro equipo de expertos en dise\u00f1o y arquitectura trabaja incansablemente para dar vida a cada detalle, combinando funcionalidad, est\u00e9tica y sostenibilidad. \u00danete a nosotros en el viaje de crear espacios que inspiran y enriquecen la vidaNosotrosSomos una empresa vanguardista, entendemos e interpretamos necesidades y la forma como quieren vivir o manejar sus espacios nuestros diferentes clientes: hogares, empresas e instituciones.Qu\u00e9 HacemosDise\u00f1o, remodelaci\u00f3n\u00a0\u00a0y ejecuci\u00f3n de proyectos incluyendo obra civil, carpinter\u00eda, construcci\u00f3n liviana, plomer\u00eda, pintura, electricidad, ventaner\u00eda, enchapes, acabados, cubiertas, voz y datos e implementaciones comerciales.C\u00f3mo TrabajamosNos contactamos, acordamos una cita, visitamos el sitio, pasamos una propuesta de dise\u00f1o y presupuesto, despu\u00e9s de aprobaci\u00f3n del proyecto por parte del cliente, ejecutamos la obra en el tiempo y el presupuesto acordado.ProyectosNuestros Clientes<\/p>\n","protected":false},"author":1,"featured_media":0,"parent":0,"menu_order":0,"comment_status":"closed","ping_status":"closed","template":"","meta":{"_et_pb_use_builder":"on","_et_pb_old_content":"","_et_gb_content_width":"","footnotes":""},"class_list":["post-72","page","type-page","status-publish","hentry"],"_links":{"self":[{"href":"https:\/\/iconods.com\/index.php?rest_route=\/wp\/v2\/pages\/72","targetHints":{"allow":["GET"]}}],"collection":[{"href":"https:\/\/iconods.com\/index.php?rest_route=\/wp\/v2\/pages"}],"about":[{"href":"https:\/\/iconods.com\/index.php?rest_route=\/wp\/v2\/types\/page"}],"author":[{"embeddable":true,"href":"https:\/\/iconods.com\/index.php?rest_route=\/wp\/v2\/users\/1"}],"replies":[{"embeddable":true,"href":"https:\/\/iconods.com\/index.php?rest_route=%2Fwp%2Fv2%2Fcomments&post=72"}],"version-history":[{"count":73,"href":"https:\/\/iconods.com\/index.php?rest_route=\/wp\/v2\/pages\/72\/revisions"}],"predecessor-version":[{"id":765,"href":"https:\/\/iconods.com\/index.php?rest_route=\/wp\/v2\/pages\/72\/revisions\/765"}],"wp:attachment":[{"href":"https:\/\/iconods.com\/index.php?rest_route=%2Fwp%2Fv2%2Fmedia&parent=72"}],"curies":[{"name":"wp","href":"https:\/\/api.w.org\/{rel}","templated":true}]}}